{"id":924,"date":"2023-03-15T15:07:56","date_gmt":"2023-03-15T15:07:56","guid":{"rendered":"https:\/\/hatsail.com\/about-us\/"},"modified":"2023-03-15T15:08:03","modified_gmt":"2023-03-15T15:08:03","slug":"about-us","status":"publish","type":"page","link":"https:\/\/hatsail.com\/en\/about-us\/","title":{"rendered":"About Us"},"content":{"rendered":"\t\t<div data-elementor-type=\"wp-page\" data-elementor-id=\"924\" class=\"elementor elementor-924 elementor-257\" data-elementor-settings=\"[]\">\n\t\t\t\t\t\t\t<div class=\"elementor-section-wrap\">\n\t\t\t\t\t\t\t<section class=\"elementor-section elementor-top-section elementor-element elementor-element-2b2ef431 elementor-section-height-min-height elementor-section-boxed elementor-section-height-default elementor-section-items-middle\" data-id=\"2b2ef431\" data-element_type=\"section\" data-settings=\"{&quot;background_background&quot;:&quot;classic&quot;}\">\n\t\t\t\t\t\t\t<div class=\"elementor-background-overlay\"><\/div>\n\t\t\t\t\t\t\t<div class=\"elementor-container elementor-column-gap-default\">\n\t\t\t\t\t<div class=\"elementor-column elementor-col-100 elementor-top-column elementor-element elementor-element-5c39e439\" data-id=\"5c39e439\" data-element_type=\"column\">\n\t\t\t<div class=\"elementor-widget-wrap elementor-element-populated\">\n\t\t\t\t\t\t\t\t<section class=\"elementor-section elementor-inner-section elementor-element elementor-element-3656d44d elementor-reverse-mobile elementor-section-boxed elementor-section-height-default elementor-section-height-default\" data-id=\"3656d44d\" data-element_type=\"section\" data-settings=\"{&quot;background_background&quot;:&quot;classic&quot;}\">\n\t\t\t\t\t\t<div class=\"elementor-container elementor-column-gap-default\">\n\t\t\t\t\t<div class=\"elementor-column elementor-col-100 elementor-inner-column elementor-element elementor-element-1d72a2d4\" data-id=\"1d72a2d4\" data-element_type=\"column\" data-settings=\"{&quot;background_background&quot;:&quot;classic&quot;}\">\n\t\t\t<div class=\"elementor-widget-wrap elementor-element-populated\">\n\t\t\t\t\t\t\t\t<div class=\"elementor-element elementor-element-69771954 elementor-widget elementor-widget-heading\" data-id=\"69771954\" data-element_type=\"widget\" data-widget_type=\"heading.default\">\n\t\t\t\t<div class=\"elementor-widget-container\">\n\t\t\t<h2 class=\"elementor-heading-title elementor-size-default\">ABOUT US<\/h2>\t\t<\/div>\n\t\t\t\t<\/div>\n\t\t\t\t<div class=\"elementor-element elementor-element-10d9705 elementor-widget-divider--view-line elementor-widget elementor-widget-divider\" data-id=\"10d9705\" data-element_type=\"widget\" data-widget_type=\"divider.default\">\n\t\t\t\t<div class=\"elementor-widget-container\">\n\t\t\t\t\t<div class=\"elementor-divider\">\n\t\t\t<span class=\"elementor-divider-separator\">\n\t\t\t\t\t\t<\/span>\n\t\t<\/div>\n\t\t\t\t<\/div>\n\t\t\t\t<\/div>\n\t\t\t\t<div class=\"elementor-element elementor-element-45d79d4f elementor-widget elementor-widget-heading\" data-id=\"45d79d4f\" data-element_type=\"widget\" data-widget_type=\"heading.default\">\n\t\t\t\t<div class=\"elementor-widget-container\">\n\t\t\t<h2 class=\"elementor-heading-title elementor-size-default\">HATSAIL<\/h2>\t\t<\/div>\n\t\t\t\t<\/div>\n\t\t\t\t<div class=\"elementor-element elementor-element-72a794ff elementor-widget elementor-widget-text-editor\" data-id=\"72a794ff\" data-element_type=\"widget\" data-widget_type=\"text-editor.default\">\n\t\t\t\t<div class=\"elementor-widget-container\">\n\t\t\t\t\t\t\t<p>Founded in 1994, HATSAIL Tourism and Yachting has become one of the leading companies in the sector by specializing in yacht tourism.<\/p><p> HATSAIL d\u00fcnya yat\u00e7\u0131l\u0131k piyasas\u0131nda \u00f6vg\u00fcyle an\u0131lan sahibi oldu\u011fu <strong>, <\/strong>deneyimli kaptan, profesyonel a\u015f\u00e7\u0131, ve tecr\u00fcbeli m\u00fcrettebata sahip, <strong>RIGEL<\/strong> yat i\u015fletmecili\u011finin yan\u0131 s\u0131ra, acentemiz, en konforlu ve se\u00e7kin \u201ccruise\u201d gemilerinin bilet sat\u0131\u015flar\u0131n\u0131 yaparak, d\u00fcnyan\u0131n en egzotik yerlerine hayallerinizin \u00e7ok \u00f6tesinde b\u00fcy\u00fcleyici yolculuklarla yerk\u00fcremizin cennet k\u00f6\u015felerini bizimle ke\u015ffetmenize olanak sa\u011flamaktad\u0131r.<\/p><p> <\/p>\t\t\t\t\t\t<\/div>\n\t\t\t\t<\/div>\n\t\t\t\t\t<\/div>\n\t\t<\/div>\n\t\t\t\t\t\t\t<\/div>\n\t\t<\/section>\n\t\t\t\t<section class=\"elementor-section elementor-inner-section elementor-element elementor-element-6beb7e elementor-reverse-mobile elementor-section-boxed elementor-section-height-default elementor-section-height-default\" data-id=\"6beb7e\" data-element_type=\"section\" data-settings=\"{&quot;background_background&quot;:&quot;classic&quot;}\">\n\t\t\t\t\t\t<div class=\"elementor-container elementor-column-gap-default\">\n\t\t\t\t\t<div class=\"elementor-column elementor-col-100 elementor-inner-column elementor-element elementor-element-1aa7b6e2\" data-id=\"1aa7b6e2\" data-element_type=\"column\">\n\t\t\t<div class=\"elementor-widget-wrap elementor-element-populated\">\n\t\t\t\t\t\t\t\t<div class=\"elementor-element elementor-element-30fe409 elementor-widget elementor-widget-heading\" data-id=\"30fe409\" data-element_type=\"widget\" data-widget_type=\"heading.default\">\n\t\t\t\t<div class=\"elementor-widget-container\">\n\t\t\t<h2 class=\"elementor-heading-title elementor-size-default\">Hope To Meet Breeze Of Blue Dream\u201d<\/h2>\t\t<\/div>\n\t\t\t\t<\/div>\n\t\t\t\t<div class=\"elementor-element elementor-element-5ccd215 elementor-invisible elementor-widget elementor-widget-image\" data-id=\"5ccd215\" data-element_type=\"widget\" data-settings=\"{&quot;_animation&quot;:&quot;fadeInUp&quot;}\" data-widget_type=\"image.default\">\n\t\t\t\t<div class=\"elementor-widget-container\">\n\t\t\t\t\t\t\t\t\t\t\t\t\t\t\t<img width=\"800\" height=\"600\" src=\"https:\/\/hatsail.com\/wp-content\/uploads\/2021\/11\/imght014.jpg\" class=\"attachment-large size-large\" alt=\"\" loading=\"lazy\" srcset=\"https:\/\/hatsail.com\/wp-content\/uploads\/2021\/11\/imght014.jpg 1024w, https:\/\/hatsail.com\/wp-content\/uploads\/2021\/11\/imght014-300x225.jpg 300w, https:\/\/hatsail.com\/wp-content\/uploads\/2021\/11\/imght014-768x576.jpg 768w\" sizes=\"(max-width: 800px) 100vw, 800px\" \/>\t\t\t\t\t\t\t\t\t\t\t\t\t\t\t<\/div>\n\t\t\t\t<\/div>\n\t\t\t\t\t<\/div>\n\t\t<\/div>\n\t\t\t\t\t\t\t<\/div>\n\t\t<\/section>\n\t\t\t\t\t<\/div>\n\t\t<\/div>\n\t\t\t\t\t\t\t<\/div>\n\t\t<\/section>\n\t\t\t\t\t\t<\/div>\n\t\t\t\t\t<\/div>\n\t\t","protected":false},"excerpt":{"rendered":"<p>ABOUT US HATSAIL Founded in 1994, HATSAIL Tourism and Yachting has become one of the leading companies in the sector by specializing in yacht tourism. HATSAIL d\u00fcnya yat\u00e7\u0131l\u0131k piyasas\u0131nda \u00f6vg\u00fcyle an\u0131lan sahibi oldu\u011fu , deneyimli kaptan, profesyonel a\u015f\u00e7\u0131, ve tecr\u00fcbeli m\u00fcrettebata sahip, RIGEL yat i\u015fletmecili\u011finin yan\u0131 s\u0131ra, acentemiz, en konforlu ve se\u00e7kin \u201ccruise\u201d gemilerinin bilet [&hellip;]<\/p>\n","protected":false},"author":1,"featured_media":0,"parent":0,"menu_order":0,"comment_status":"closed","ping_status":"closed","template":"","meta":[],"_links":{"self":[{"href":"https:\/\/hatsail.com\/en\/wp-json\/wp\/v2\/pages\/924"}],"collection":[{"href":"https:\/\/hatsail.com\/en\/wp-json\/wp\/v2\/pages"}],"about":[{"href":"https:\/\/hatsail.com\/en\/wp-json\/wp\/v2\/types\/page"}],"author":[{"embeddable":true,"href":"https:\/\/hatsail.com\/en\/wp-json\/wp\/v2\/users\/1"}],"replies":[{"embeddable":true,"href":"https:\/\/hatsail.com\/en\/wp-json\/wp\/v2\/comments?post=924"}],"version-history":[{"count":3,"href":"https:\/\/hatsail.com\/en\/wp-json\/wp\/v2\/pages\/924\/revisions"}],"predecessor-version":[{"id":927,"href":"https:\/\/hatsail.com\/en\/wp-json\/wp\/v2\/pages\/924\/revisions\/927"}],"wp:attachment":[{"href":"https:\/\/hatsail.com\/en\/wp-json\/wp\/v2\/media?parent=924"}],"curies":[{"name":"wp","href":"https:\/\/api.w.org\/{rel}","templated":true}]}}