{"id":844,"date":"2022-03-19T15:10:19","date_gmt":"2022-03-19T15:10:19","guid":{"rendered":"https:\/\/hatsail.com\/rigel\/"},"modified":"2022-03-19T15:10:20","modified_gmt":"2022-03-19T15:10:20","slug":"rigel","status":"publish","type":"page","link":"https:\/\/hatsail.com\/de\/rigel\/","title":{"rendered":"Rigel"},"content":{"rendered":"\t\t<div data-elementor-type=\"wp-page\" data-elementor-id=\"844\" class=\"elementor elementor-844 elementor-302\" data-elementor-settings=\"[]\">\n\t\t\t\t\t\t\t<div class=\"elementor-section-wrap\">\n\t\t\t\t\t\t\t<section class=\"elementor-section elementor-top-section elementor-element elementor-element-28cfda43 elementor-section-height-min-height elementor-section-content-middle elementor-section-boxed elementor-section-height-default elementor-section-items-middle\" data-id=\"28cfda43\" data-element_type=\"section\" data-settings=\"{&quot;background_background&quot;:&quot;classic&quot;}\">\n\t\t\t\t\t\t\t<div class=\"elementor-background-overlay\"><\/div>\n\t\t\t\t\t\t\t<div class=\"elementor-container elementor-column-gap-default\">\n\t\t\t\t\t<div class=\"elementor-column elementor-col-100 elementor-top-column elementor-element elementor-element-3c21838b\" data-id=\"3c21838b\" data-element_type=\"column\">\n\t\t\t<div class=\"elementor-widget-wrap elementor-element-populated\">\n\t\t\t\t\t\t\t\t<div class=\"elementor-element elementor-element-ad6c370 elementor-widget elementor-widget-heading\" data-id=\"ad6c370\" data-element_type=\"widget\" data-widget_type=\"heading.default\">\n\t\t\t\t<div class=\"elementor-widget-container\">\n\t\t\t<h2 class=\"elementor-heading-title elementor-size-default\">RIGEL<\/h2>\t\t<\/div>\n\t\t\t\t<\/div>\n\t\t\t\t<div class=\"elementor-element elementor-element-ca8e1f0 elementor-widget elementor-widget-text-editor\" data-id=\"ca8e1f0\" data-element_type=\"widget\" data-widget_type=\"text-editor.default\">\n\t\t\t\t<div class=\"elementor-widget-container\">\n\t\t\t\t\t\t\t<p>Sailing Boat<\/p>\t\t\t\t\t\t<\/div>\n\t\t\t\t<\/div>\n\t\t\t\t\t<\/div>\n\t\t<\/div>\n\t\t\t\t\t\t\t<\/div>\n\t\t<\/section>\n\t\t\t\t<section class=\"elementor-section elementor-top-section elementor-element elementor-element-7deb58c6 elementor-section-content-middle elementor-section-boxed elementor-section-height-default elementor-section-height-default\" data-id=\"7deb58c6\" data-element_type=\"section\" data-settings=\"{&quot;background_background&quot;:&quot;classic&quot;}\">\n\t\t\t\t\t\t\t<div class=\"elementor-background-overlay\"><\/div>\n\t\t\t\t\t\t\t<div class=\"elementor-container elementor-column-gap-no\">\n\t\t\t\t\t<div class=\"elementor-column elementor-col-100 elementor-top-column elementor-element elementor-element-c64248d\" data-id=\"c64248d\" data-element_type=\"column\">\n\t\t\t<div class=\"elementor-widget-wrap elementor-element-populated\">\n\t\t\t\t\t\t\t\t<div class=\"elementor-element elementor-element-7af78ab1 elementor-view-default elementor-vertical-align-top elementor-widget elementor-widget-icon-box\" data-id=\"7af78ab1\" data-element_type=\"widget\" data-widget_type=\"icon-box.default\">\n\t\t\t\t<div class=\"elementor-widget-container\">\n\t\t\t\t\t<div class=\"elementor-icon-box-wrapper\">\n\t\t\t\t\t\t<div class=\"elementor-icon-box-content\">\n\t\t\t\t<h4 class=\"elementor-icon-box-title\">\n\t\t\t\t\t<span  >\n\t\t\t\t\t\tWELTKOMFORT\t\t\t\t\t<\/span>\n\t\t\t\t<\/h4>\n\t\t\t\t\t\t\t\t\t<p class=\"elementor-icon-box-description\">\n\t\t\t\t\t\tInformationen\t\t\t\t\t<\/p>\n\t\t\t\t\t\t\t<\/div>\n\t\t<\/div>\n\t\t\t\t<\/div>\n\t\t\t\t<\/div>\n\t\t\t\t<div class=\"elementor-element elementor-element-4c417526 elementor-widget elementor-widget-text-editor\" data-id=\"4c417526\" data-element_type=\"widget\" data-widget_type=\"text-editor.default\">\n\t\t\t\t<div class=\"elementor-widget-container\">\n\t\t\t\t\t\t\t<ul>\n<li>Zur Erweiterung deiner Perspektive, zur Erweckung deiner Emotionen und was dich bewegt zu teilen ist Rigel.<\/li>\n<li>Die Freude, in einer Luxusresidenz am Meer zu leben..<\/li>\n<li>Mit Rigel k\u00f6nnen Sie eine angenehme Zeit mit Ihrer Familie und Ihren Lieben verbringen.<\/li><li>Sie k\u00f6nnen im tiefblauen Wasser der \u00c4g\u00e4is und des Mittelmeers schwimmen und zu herrlichen Buchten segeln.<\/li>\n<li>Rigel ist eines der an den besten geeigneten Booten f\u00fcr unsere G\u00e4ste, die Wert auf Komfort mit stilvollem Design und ger\u00e4umigen Wohnr\u00e4umen legen. Sie hat vorne und hinten getrennte Sitzecken und pr\u00e4sentiert sich stilvoll mit modernen Kabinen und B\u00e4dern.<\/li>\n<\/ul>\t\t\t\t\t\t<\/div>\n\t\t\t\t<\/div>\n\t\t\t\t<div class=\"elementor-element elementor-element-5b5165b elementor-align-center elementor-invisible elementor-widget elementor-widget-button\" data-id=\"5b5165b\" data-element_type=\"widget\" data-settings=\"{&quot;_animation&quot;:&quot;fadeIn&quot;,&quot;_animation_delay&quot;:&quot;200&quot;}\" data-widget_type=\"button.default\">\n\t\t\t\t<div class=\"elementor-widget-container\">\n\t\t\t\t\t<div class=\"elementor-button-wrapper\">\n\t\t\t<a href=\"#Kontakt\" class=\"elementor-button-link elementor-button elementor-size-sm\" role=\"button\">\n\t\t\t\t\t\t<span class=\"elementor-button-content-wrapper\">\n\t\t\t\t\t\t<span class=\"elementor-button-text\">HABEN SIE FRAGEN ZUM BOOT<\/span>\n\t\t<\/span>\n\t\t\t\t\t<\/a>\n\t\t<\/div>\n\t\t\t\t<\/div>\n\t\t\t\t<\/div>\n\t\t\t\t\t<\/div>\n\t\t<\/div>\n\t\t\t\t\t\t\t<\/div>\n\t\t<\/section>\n\t\t\t\t<section class=\"elementor-section elementor-top-section elementor-element elementor-element-6bc86ca elementor-section-full_width elementor-section-height-default elementor-section-height-default\" data-id=\"6bc86ca\" data-element_type=\"section\" data-settings=\"{&quot;background_background&quot;:&quot;classic&quot;}\">\n\t\t\t\t\t\t<div class=\"elementor-container elementor-column-gap-no\">\n\t\t\t\t\t<div class=\"elementor-column elementor-col-100 elementor-top-column elementor-element elementor-element-a6e354e\" data-id=\"a6e354e\" data-element_type=\"column\">\n\t\t\t<div class=\"elementor-widget-wrap elementor-element-populated\">\n\t\t\t\t\t\t\t\t<div class=\"elementor-element elementor-element-3ab225e gallery-spacing-custom elementor-widget elementor-widget-image-gallery\" data-id=\"3ab225e\" data-element_type=\"widget\" data-widget_type=\"image-gallery.default\">\n\t\t\t\t<div class=\"elementor-widget-container\">\n\t\t\t\t\t<div class=\"elementor-image-gallery\">\n\t\t\t<div id='gallery-1' class='gallery galleryid-844 gallery-columns-3 gallery-size-large'><figure class='gallery-item'>\n\t\t\t<div class='gallery-icon landscape'>\n\t\t\t\t<a data-elementor-open-lightbox=\"yes\" data-elementor-lightbox-slideshow=\"3ab225e\" data-elementor-lightbox-title=\"24792\" e-action-hash=\"#elementor-action%3Aaction%3Dlightbox%26settings%3DeyJpZCI6ODAxLCJ1cmwiOiJodHRwczpcL1wvaGF0c2FpbC5jb21cL3dwLWNvbnRlbnRcL3VwbG9hZHNcLzIwMjFcLzExXC8yNDc5Mi5qcGciLCJzbGlkZXNob3ciOiIzYWIyMjVlIn0%3D\" href='https:\/\/hatsail.com\/wp-content\/uploads\/2021\/11\/24792.jpg'><img width=\"800\" height=\"600\" src=\"https:\/\/hatsail.com\/wp-content\/uploads\/2021\/11\/24792.jpg\" class=\"attachment-large size-large\" alt=\"\" loading=\"lazy\" srcset=\"https:\/\/hatsail.com\/wp-content\/uploads\/2021\/11\/24792.jpg 1024w, https:\/\/hatsail.com\/wp-content\/uploads\/2021\/11\/24792-300x225.jpg 300w, https:\/\/hatsail.com\/wp-content\/uploads\/2021\/11\/24792-768x576.jpg 768w\" sizes=\"(max-width: 800px) 100vw, 800px\" \/><\/a>\n\t\t\t<\/div><\/figure><figure class='gallery-item'>\n\t\t\t<div class='gallery-icon landscape'>\n\t\t\t\t<a data-elementor-open-lightbox=\"yes\" data-elementor-lightbox-slideshow=\"3ab225e\" data-elementor-lightbox-title=\"24793\" e-action-hash=\"#elementor-action%3Aaction%3Dlightbox%26settings%3DeyJpZCI6ODAzLCJ1cmwiOiJodHRwczpcL1wvaGF0c2FpbC5jb21cL3dwLWNvbnRlbnRcL3VwbG9hZHNcLzIwMjFcLzExXC8yNDc5My5qcGciLCJzbGlkZXNob3ciOiIzYWIyMjVlIn0%3D\" href='https:\/\/hatsail.com\/wp-content\/uploads\/2021\/11\/24793.jpg'><img width=\"800\" height=\"600\" src=\"https:\/\/hatsail.com\/wp-content\/uploads\/2021\/11\/24793.jpg\" class=\"attachment-large size-large\" alt=\"\" loading=\"lazy\" srcset=\"https:\/\/hatsail.com\/wp-content\/uploads\/2021\/11\/24793.jpg 1024w, https:\/\/hatsail.com\/wp-content\/uploads\/2021\/11\/24793-300x225.jpg 300w, https:\/\/hatsail.com\/wp-content\/uploads\/2021\/11\/24793-768x576.jpg 768w\" sizes=\"(max-width: 800px) 100vw, 800px\" \/><\/a>\n\t\t\t<\/div><\/figure><figure class='gallery-item'>\n\t\t\t<div class='gallery-icon landscape'>\n\t\t\t\t<a data-elementor-open-lightbox=\"yes\" data-elementor-lightbox-slideshow=\"3ab225e\" data-elementor-lightbox-title=\"24794\" e-action-hash=\"#elementor-action%3Aaction%3Dlightbox%26settings%3DeyJpZCI6ODA1LCJ1cmwiOiJodHRwczpcL1wvaGF0c2FpbC5jb21cL3dwLWNvbnRlbnRcL3VwbG9hZHNcLzIwMjFcLzExXC8yNDc5NC5qcGciLCJzbGlkZXNob3ciOiIzYWIyMjVlIn0%3D\" href='https:\/\/hatsail.com\/wp-content\/uploads\/2021\/11\/24794.jpg'><img width=\"800\" height=\"600\" src=\"https:\/\/hatsail.com\/wp-content\/uploads\/2021\/11\/24794.jpg\" class=\"attachment-large size-large\" alt=\"\" loading=\"lazy\" srcset=\"https:\/\/hatsail.com\/wp-content\/uploads\/2021\/11\/24794.jpg 1024w, https:\/\/hatsail.com\/wp-content\/uploads\/2021\/11\/24794-300x225.jpg 300w, https:\/\/hatsail.com\/wp-content\/uploads\/2021\/11\/24794-768x576.jpg 768w\" sizes=\"(max-width: 800px) 100vw, 800px\" \/><\/a>\n\t\t\t<\/div><\/figure><figure class='gallery-item'>\n\t\t\t<div class='gallery-icon landscape'>\n\t\t\t\t<a data-elementor-open-lightbox=\"yes\" data-elementor-lightbox-slideshow=\"3ab225e\" data-elementor-lightbox-title=\"24795\" e-action-hash=\"#elementor-action%3Aaction%3Dlightbox%26settings%3DeyJpZCI6ODA3LCJ1cmwiOiJodHRwczpcL1wvaGF0c2FpbC5jb21cL3dwLWNvbnRlbnRcL3VwbG9hZHNcLzIwMjFcLzExXC8yNDc5NS5qcGciLCJzbGlkZXNob3ciOiIzYWIyMjVlIn0%3D\" href='https:\/\/hatsail.com\/wp-content\/uploads\/2021\/11\/24795.jpg'><img width=\"800\" height=\"600\" src=\"https:\/\/hatsail.com\/wp-content\/uploads\/2021\/11\/24795.jpg\" class=\"attachment-large size-large\" alt=\"\" loading=\"lazy\" srcset=\"https:\/\/hatsail.com\/wp-content\/uploads\/2021\/11\/24795.jpg 1024w, https:\/\/hatsail.com\/wp-content\/uploads\/2021\/11\/24795-300x225.jpg 300w, https:\/\/hatsail.com\/wp-content\/uploads\/2021\/11\/24795-768x576.jpg 768w\" sizes=\"(max-width: 800px) 100vw, 800px\" \/><\/a>\n\t\t\t<\/div><\/figure><figure class='gallery-item'>\n\t\t\t<div class='gallery-icon landscape'>\n\t\t\t\t<a data-elementor-open-lightbox=\"yes\" data-elementor-lightbox-slideshow=\"3ab225e\" data-elementor-lightbox-title=\"24796\" e-action-hash=\"#elementor-action%3Aaction%3Dlightbox%26settings%3DeyJpZCI6ODA5LCJ1cmwiOiJodHRwczpcL1wvaGF0c2FpbC5jb21cL3dwLWNvbnRlbnRcL3VwbG9hZHNcLzIwMjFcLzExXC8yNDc5Ni5qcGciLCJzbGlkZXNob3ciOiIzYWIyMjVlIn0%3D\" href='https:\/\/hatsail.com\/wp-content\/uploads\/2021\/11\/24796.jpg'><img width=\"800\" height=\"600\" src=\"https:\/\/hatsail.com\/wp-content\/uploads\/2021\/11\/24796.jpg\" class=\"attachment-large size-large\" alt=\"\" loading=\"lazy\" srcset=\"https:\/\/hatsail.com\/wp-content\/uploads\/2021\/11\/24796.jpg 1024w, https:\/\/hatsail.com\/wp-content\/uploads\/2021\/11\/24796-300x225.jpg 300w, https:\/\/hatsail.com\/wp-content\/uploads\/2021\/11\/24796-768x576.jpg 768w\" sizes=\"(max-width: 800px) 100vw, 800px\" \/><\/a>\n\t\t\t<\/div><\/figure><figure class='gallery-item'>\n\t\t\t<div class='gallery-icon landscape'>\n\t\t\t\t<a data-elementor-open-lightbox=\"yes\" data-elementor-lightbox-slideshow=\"3ab225e\" data-elementor-lightbox-title=\"24797\" e-action-hash=\"#elementor-action%3Aaction%3Dlightbox%26settings%3DeyJpZCI6ODExLCJ1cmwiOiJodHRwczpcL1wvaGF0c2FpbC5jb21cL3dwLWNvbnRlbnRcL3VwbG9hZHNcLzIwMjFcLzExXC8yNDc5Ny5qcGciLCJzbGlkZXNob3ciOiIzYWIyMjVlIn0%3D\" href='https:\/\/hatsail.com\/wp-content\/uploads\/2021\/11\/24797.jpg'><img width=\"800\" height=\"600\" src=\"https:\/\/hatsail.com\/wp-content\/uploads\/2021\/11\/24797.jpg\" class=\"attachment-large size-large\" alt=\"\" loading=\"lazy\" srcset=\"https:\/\/hatsail.com\/wp-content\/uploads\/2021\/11\/24797.jpg 1024w, https:\/\/hatsail.com\/wp-content\/uploads\/2021\/11\/24797-300x225.jpg 300w, https:\/\/hatsail.com\/wp-content\/uploads\/2021\/11\/24797-768x576.jpg 768w\" sizes=\"(max-width: 800px) 100vw, 800px\" \/><\/a>\n\t\t\t<\/div><\/figure><figure class='gallery-item'>\n\t\t\t<div class='gallery-icon landscape'>\n\t\t\t\t<a data-elementor-open-lightbox=\"yes\" data-elementor-lightbox-slideshow=\"3ab225e\" data-elementor-lightbox-title=\"24798\" e-action-hash=\"#elementor-action%3Aaction%3Dlightbox%26settings%3DeyJpZCI6ODEzLCJ1cmwiOiJodHRwczpcL1wvaGF0c2FpbC5jb21cL3dwLWNvbnRlbnRcL3VwbG9hZHNcLzIwMjFcLzExXC8yNDc5OC5qcGciLCJzbGlkZXNob3ciOiIzYWIyMjVlIn0%3D\" href='https:\/\/hatsail.com\/wp-content\/uploads\/2021\/11\/24798.jpg'><img width=\"800\" height=\"600\" src=\"https:\/\/hatsail.com\/wp-content\/uploads\/2021\/11\/24798.jpg\" class=\"attachment-large size-large\" alt=\"\" loading=\"lazy\" srcset=\"https:\/\/hatsail.com\/wp-content\/uploads\/2021\/11\/24798.jpg 1024w, https:\/\/hatsail.com\/wp-content\/uploads\/2021\/11\/24798-300x225.jpg 300w, https:\/\/hatsail.com\/wp-content\/uploads\/2021\/11\/24798-768x576.jpg 768w\" sizes=\"(max-width: 800px) 100vw, 800px\" \/><\/a>\n\t\t\t<\/div><\/figure><figure class='gallery-item'>\n\t\t\t<div class='gallery-icon landscape'>\n\t\t\t\t<a data-elementor-open-lightbox=\"yes\" data-elementor-lightbox-slideshow=\"3ab225e\" data-elementor-lightbox-title=\"24799\" e-action-hash=\"#elementor-action%3Aaction%3Dlightbox%26settings%3DeyJpZCI6ODE1LCJ1cmwiOiJodHRwczpcL1wvaGF0c2FpbC5jb21cL3dwLWNvbnRlbnRcL3VwbG9hZHNcLzIwMjFcLzExXC8yNDc5OS5qcGciLCJzbGlkZXNob3ciOiIzYWIyMjVlIn0%3D\" href='https:\/\/hatsail.com\/wp-content\/uploads\/2021\/11\/24799.jpg'><img width=\"800\" height=\"600\" src=\"https:\/\/hatsail.com\/wp-content\/uploads\/2021\/11\/24799.jpg\" class=\"attachment-large size-large\" alt=\"\" loading=\"lazy\" srcset=\"https:\/\/hatsail.com\/wp-content\/uploads\/2021\/11\/24799.jpg 1024w, https:\/\/hatsail.com\/wp-content\/uploads\/2021\/11\/24799-300x225.jpg 300w, https:\/\/hatsail.com\/wp-content\/uploads\/2021\/11\/24799-768x576.jpg 768w\" sizes=\"(max-width: 800px) 100vw, 800px\" \/><\/a>\n\t\t\t<\/div><\/figure><figure class='gallery-item'>\n\t\t\t<div class='gallery-icon landscape'>\n\t\t\t\t<a data-elementor-open-lightbox=\"yes\" data-elementor-lightbox-slideshow=\"3ab225e\" data-elementor-lightbox-title=\"24800\" e-action-hash=\"#elementor-action%3Aaction%3Dlightbox%26settings%3DeyJpZCI6ODE3LCJ1cmwiOiJodHRwczpcL1wvaGF0c2FpbC5jb21cL3dwLWNvbnRlbnRcL3VwbG9hZHNcLzIwMjFcLzExXC8yNDgwMC5qcGciLCJzbGlkZXNob3ciOiIzYWIyMjVlIn0%3D\" href='https:\/\/hatsail.com\/wp-content\/uploads\/2021\/11\/24800.jpg'><img width=\"800\" height=\"518\" src=\"https:\/\/hatsail.com\/wp-content\/uploads\/2021\/11\/24800.jpg\" class=\"attachment-large size-large\" alt=\"\" loading=\"lazy\" srcset=\"https:\/\/hatsail.com\/wp-content\/uploads\/2021\/11\/24800.jpg 1024w, https:\/\/hatsail.com\/wp-content\/uploads\/2021\/11\/24800-300x194.jpg 300w, https:\/\/hatsail.com\/wp-content\/uploads\/2021\/11\/24800-768x497.jpg 768w\" sizes=\"(max-width: 800px) 100vw, 800px\" \/><\/a>\n\t\t\t<\/div><\/figure><figure class='gallery-item'>\n\t\t\t<div class='gallery-icon landscape'>\n\t\t\t\t<a data-elementor-open-lightbox=\"yes\" data-elementor-lightbox-slideshow=\"3ab225e\" data-elementor-lightbox-title=\"24801\" e-action-hash=\"#elementor-action%3Aaction%3Dlightbox%26settings%3DeyJpZCI6ODE5LCJ1cmwiOiJodHRwczpcL1wvaGF0c2FpbC5jb21cL3dwLWNvbnRlbnRcL3VwbG9hZHNcLzIwMjFcLzExXC8yNDgwMS5qcGciLCJzbGlkZXNob3ciOiIzYWIyMjVlIn0%3D\" href='https:\/\/hatsail.com\/wp-content\/uploads\/2021\/11\/24801.jpg'><img width=\"800\" height=\"438\" src=\"https:\/\/hatsail.com\/wp-content\/uploads\/2021\/11\/24801.jpg\" class=\"attachment-large size-large\" alt=\"\" loading=\"lazy\" srcset=\"https:\/\/hatsail.com\/wp-content\/uploads\/2021\/11\/24801.jpg 1024w, https:\/\/hatsail.com\/wp-content\/uploads\/2021\/11\/24801-300x164.jpg 300w, https:\/\/hatsail.com\/wp-content\/uploads\/2021\/11\/24801-768x421.jpg 768w\" sizes=\"(max-width: 800px) 100vw, 800px\" \/><\/a>\n\t\t\t<\/div><\/figure><figure class='gallery-item'>\n\t\t\t<div class='gallery-icon landscape'>\n\t\t\t\t<a data-elementor-open-lightbox=\"yes\" data-elementor-lightbox-slideshow=\"3ab225e\" data-elementor-lightbox-title=\"24802\" e-action-hash=\"#elementor-action%3Aaction%3Dlightbox%26settings%3DeyJpZCI6ODIxLCJ1cmwiOiJodHRwczpcL1wvaGF0c2FpbC5jb21cL3dwLWNvbnRlbnRcL3VwbG9hZHNcLzIwMjFcLzExXC8yNDgwMi5qcGciLCJzbGlkZXNob3ciOiIzYWIyMjVlIn0%3D\" href='https:\/\/hatsail.com\/wp-content\/uploads\/2021\/11\/24802.jpg'><img width=\"800\" height=\"499\" src=\"https:\/\/hatsail.com\/wp-content\/uploads\/2021\/11\/24802.jpg\" class=\"attachment-large size-large\" alt=\"\" loading=\"lazy\" srcset=\"https:\/\/hatsail.com\/wp-content\/uploads\/2021\/11\/24802.jpg 1024w, https:\/\/hatsail.com\/wp-content\/uploads\/2021\/11\/24802-300x187.jpg 300w, https:\/\/hatsail.com\/wp-content\/uploads\/2021\/11\/24802-768x479.jpg 768w\" sizes=\"(max-width: 800px) 100vw, 800px\" \/><\/a>\n\t\t\t<\/div><\/figure><figure class='gallery-item'>\n\t\t\t<div class='gallery-icon landscape'>\n\t\t\t\t<a data-elementor-open-lightbox=\"yes\" data-elementor-lightbox-slideshow=\"3ab225e\" data-elementor-lightbox-title=\"24805\" e-action-hash=\"#elementor-action%3Aaction%3Dlightbox%26settings%3DeyJpZCI6ODIzLCJ1cmwiOiJodHRwczpcL1wvaGF0c2FpbC5jb21cL3dwLWNvbnRlbnRcL3VwbG9hZHNcLzIwMjFcLzExXC8yNDgwNS5qcGciLCJzbGlkZXNob3ciOiIzYWIyMjVlIn0%3D\" href='https:\/\/hatsail.com\/wp-content\/uploads\/2021\/11\/24805.jpg'><img width=\"800\" height=\"600\" src=\"https:\/\/hatsail.com\/wp-content\/uploads\/2021\/11\/24805.jpg\" class=\"attachment-large size-large\" alt=\"\" loading=\"lazy\" srcset=\"https:\/\/hatsail.com\/wp-content\/uploads\/2021\/11\/24805.jpg 1024w, https:\/\/hatsail.com\/wp-content\/uploads\/2021\/11\/24805-300x225.jpg 300w, https:\/\/hatsail.com\/wp-content\/uploads\/2021\/11\/24805-768x576.jpg 768w\" sizes=\"(max-width: 800px) 100vw, 800px\" \/><\/a>\n\t\t\t<\/div><\/figure><figure class='gallery-item'>\n\t\t\t<div class='gallery-icon landscape'>\n\t\t\t\t<a data-elementor-open-lightbox=\"yes\" data-elementor-lightbox-slideshow=\"3ab225e\" data-elementor-lightbox-title=\"24812\" e-action-hash=\"#elementor-action%3Aaction%3Dlightbox%26settings%3DeyJpZCI6ODI1LCJ1cmwiOiJodHRwczpcL1wvaGF0c2FpbC5jb21cL3dwLWNvbnRlbnRcL3VwbG9hZHNcLzIwMjFcLzExXC8yNDgxMi5qcGciLCJzbGlkZXNob3ciOiIzYWIyMjVlIn0%3D\" href='https:\/\/hatsail.com\/wp-content\/uploads\/2021\/11\/24812.jpg'><img width=\"800\" height=\"600\" src=\"https:\/\/hatsail.com\/wp-content\/uploads\/2021\/11\/24812.jpg\" class=\"attachment-large size-large\" alt=\"\" loading=\"lazy\" srcset=\"https:\/\/hatsail.com\/wp-content\/uploads\/2021\/11\/24812.jpg 1024w, https:\/\/hatsail.com\/wp-content\/uploads\/2021\/11\/24812-300x225.jpg 300w, https:\/\/hatsail.com\/wp-content\/uploads\/2021\/11\/24812-768x576.jpg 768w\" sizes=\"(max-width: 800px) 100vw, 800px\" \/><\/a>\n\t\t\t<\/div><\/figure><figure class='gallery-item'>\n\t\t\t<div class='gallery-icon landscape'>\n\t\t\t\t<a data-elementor-open-lightbox=\"yes\" data-elementor-lightbox-slideshow=\"3ab225e\" data-elementor-lightbox-title=\"24814\" e-action-hash=\"#elementor-action%3Aaction%3Dlightbox%26settings%3DeyJpZCI6ODI3LCJ1cmwiOiJodHRwczpcL1wvaGF0c2FpbC5jb21cL3dwLWNvbnRlbnRcL3VwbG9hZHNcLzIwMjFcLzExXC8yNDgxNC5qcGciLCJzbGlkZXNob3ciOiIzYWIyMjVlIn0%3D\" href='https:\/\/hatsail.com\/wp-content\/uploads\/2021\/11\/24814.jpg'><img width=\"800\" height=\"449\" src=\"https:\/\/hatsail.com\/wp-content\/uploads\/2021\/11\/24814.jpg\" class=\"attachment-large size-large\" alt=\"\" loading=\"lazy\" srcset=\"https:\/\/hatsail.com\/wp-content\/uploads\/2021\/11\/24814.jpg 1024w, https:\/\/hatsail.com\/wp-content\/uploads\/2021\/11\/24814-300x168.jpg 300w, https:\/\/hatsail.com\/wp-content\/uploads\/2021\/11\/24814-768x431.jpg 768w\" sizes=\"(max-width: 800px) 100vw, 800px\" \/><\/a>\n\t\t\t<\/div><\/figure><figure class='gallery-item'>\n\t\t\t<div class='gallery-icon landscape'>\n\t\t\t\t<a data-elementor-open-lightbox=\"yes\" data-elementor-lightbox-slideshow=\"3ab225e\" data-elementor-lightbox-title=\"24817\" e-action-hash=\"#elementor-action%3Aaction%3Dlightbox%26settings%3DeyJpZCI6ODI5LCJ1cmwiOiJodHRwczpcL1wvaGF0c2FpbC5jb21cL3dwLWNvbnRlbnRcL3VwbG9hZHNcLzIwMjFcLzExXC8yNDgxNy5qcGciLCJzbGlkZXNob3ciOiIzYWIyMjVlIn0%3D\" href='https:\/\/hatsail.com\/wp-content\/uploads\/2021\/11\/24817.jpg'><img width=\"800\" height=\"562\" src=\"https:\/\/hatsail.com\/wp-content\/uploads\/2021\/11\/24817.jpg\" class=\"attachment-large size-large\" alt=\"\" loading=\"lazy\" srcset=\"https:\/\/hatsail.com\/wp-content\/uploads\/2021\/11\/24817.jpg 1024w, https:\/\/hatsail.com\/wp-content\/uploads\/2021\/11\/24817-300x211.jpg 300w, https:\/\/hatsail.com\/wp-content\/uploads\/2021\/11\/24817-768x539.jpg 768w\" sizes=\"(max-width: 800px) 100vw, 800px\" \/><\/a>\n\t\t\t<\/div><\/figure>\n\t\t<\/div>\n\t\t<\/div>\n\t\t\t\t<\/div>\n\t\t\t\t<\/div>\n\t\t\t\t\t<\/div>\n\t\t<\/div>\n\t\t\t\t\t\t\t<\/div>\n\t\t<\/section>\n\t\t\t\t<section class=\"elementor-section elementor-top-section elementor-element elementor-element-6c12ab5 elementor-section-boxed elementor-section-height-default elementor-section-height-default\" data-id=\"6c12ab5\" data-element_type=\"section\" data-settings=\"{&quot;background_background&quot;:&quot;classic&quot;}\">\n\t\t\t\t\t\t<div class=\"elementor-container elementor-column-gap-default\">\n\t\t\t\t\t<div class=\"elementor-column elementor-col-100 elementor-top-column elementor-element elementor-element-0b4504c\" data-id=\"0b4504c\" data-element_type=\"column\">\n\t\t\t<div class=\"elementor-widget-wrap elementor-element-populated\">\n\t\t\t\t\t\t\t\t<div class=\"elementor-element elementor-element-199d913 elementor-invisible elementor-widget elementor-widget-heading\" data-id=\"199d913\" data-element_type=\"widget\" data-settings=\"{&quot;_animation&quot;:&quot;fadeInUp&quot;,&quot;_animation_mobile&quot;:&quot;none&quot;}\" data-widget_type=\"heading.default\">\n\t\t\t\t<div class=\"elementor-widget-container\">\n\t\t\t<h2 class=\"elementor-heading-title elementor-size-default\">Yacht Informationen<\/h2>\t\t<\/div>\n\t\t\t\t<\/div>\n\t\t\t\t\t<\/div>\n\t\t<\/div>\n\t\t\t\t\t\t\t<\/div>\n\t\t<\/section>\n\t\t\t\t<section class=\"elementor-section elementor-top-section elementor-element elementor-element-5d61b456 elementor-section-content-middle elementor-section-boxed elementor-section-height-default elementor-section-height-default\" data-id=\"5d61b456\" data-element_type=\"section\" data-settings=\"{&quot;background_background&quot;:&quot;classic&quot;}\">\n\t\t\t\t\t\t<div class=\"elementor-container elementor-column-gap-no\">\n\t\t\t\t\t<div class=\"elementor-column elementor-col-100 elementor-top-column elementor-element elementor-element-1141b309\" data-id=\"1141b309\" data-element_type=\"column\">\n\t\t\t<div class=\"elementor-widget-wrap elementor-element-populated\">\n\t\t\t\t\t\t\t\t<div class=\"elementor-element elementor-element-ac6263a elementor-align-center elementor-invisible elementor-widget elementor-widget-button\" data-id=\"ac6263a\" data-element_type=\"widget\" data-settings=\"{&quot;_animation&quot;:&quot;fadeIn&quot;,&quot;_animation_delay&quot;:&quot;200&quot;}\" data-widget_type=\"button.default\">\n\t\t\t\t<div class=\"elementor-widget-container\">\n\t\t\t\t\t<div class=\"elementor-button-wrapper\">\n\t\t\t<a href=\"#Kontakt\" class=\"elementor-button-link elementor-button elementor-size-sm\" role=\"button\">\n\t\t\t\t\t\t<span class=\"elementor-button-content-wrapper\">\n\t\t\t\t\t\t<span class=\"elementor-button-text\">HABEN SIE FRAGEN ZUM BOOT<\/span>\n\t\t<\/span>\n\t\t\t\t\t<\/a>\n\t\t<\/div>\n\t\t\t\t<\/div>\n\t\t\t\t<\/div>\n\t\t\t\t\t<\/div>\n\t\t<\/div>\n\t\t\t\t\t\t\t<\/div>\n\t\t<\/section>\n\t\t\t\t\t\t<\/div>\n\t\t\t\t\t<\/div>\n\t\t","protected":false},"excerpt":{"rendered":"<p>RIGEL Sailing Boat WELTKOMFORT Informationen Zur Erweiterung deiner Perspektive, zur Erweckung deiner Emotionen und was dich bewegt zu teilen ist Rigel. Die Freude, in einer Luxusresidenz am Meer zu leben.. Mit Rigel k\u00f6nnen Sie eine angenehme Zeit mit Ihrer Familie und Ihren Lieben verbringen. Sie k\u00f6nnen im tiefblauen Wasser der \u00c4g\u00e4is und des Mittelmeers schwimmen [&hellip;]<\/p>\n","protected":false},"author":1,"featured_media":0,"parent":0,"menu_order":0,"comment_status":"closed","ping_status":"closed","template":"","meta":[],"_links":{"self":[{"href":"https:\/\/hatsail.com\/de\/wp-json\/wp\/v2\/pages\/844"}],"collection":[{"href":"https:\/\/hatsail.com\/de\/wp-json\/wp\/v2\/pages"}],"about":[{"href":"https:\/\/hatsail.com\/de\/wp-json\/wp\/v2\/types\/page"}],"author":[{"embeddable":true,"href":"https:\/\/hatsail.com\/de\/wp-json\/wp\/v2\/users\/1"}],"replies":[{"embeddable":true,"href":"https:\/\/hatsail.com\/de\/wp-json\/wp\/v2\/comments?post=844"}],"version-history":[{"count":1,"href":"https:\/\/hatsail.com\/de\/wp-json\/wp\/v2\/pages\/844\/revisions"}],"predecessor-version":[{"id":845,"href":"https:\/\/hatsail.com\/de\/wp-json\/wp\/v2\/pages\/844\/revisions\/845"}],"wp:attachment":[{"href":"https:\/\/hatsail.com\/de\/wp-json\/wp\/v2\/media?parent=844"}],"curies":[{"name":"wp","href":"https:\/\/api.w.org\/{rel}","templated":true}]}}