{"id":842,"date":"2022-03-19T15:04:25","date_gmt":"2022-03-19T15:04:25","guid":{"rendered":"https:\/\/hatsail.com\/ueber-uns\/"},"modified":"2022-03-19T15:04:26","modified_gmt":"2022-03-19T15:04:26","slug":"ueber-uns","status":"publish","type":"page","link":"https:\/\/hatsail.com\/de\/ueber-uns\/","title":{"rendered":"\u00dcber uns"},"content":{"rendered":"\t\t<div data-elementor-type=\"wp-page\" data-elementor-id=\"842\" class=\"elementor elementor-842 elementor-257\" data-elementor-settings=\"[]\">\n\t\t\t\t\t\t\t<div class=\"elementor-section-wrap\">\n\t\t\t\t\t\t\t<section class=\"elementor-section elementor-top-section elementor-element elementor-element-2b2ef431 elementor-section-height-min-height elementor-section-boxed elementor-section-height-default elementor-section-items-middle\" data-id=\"2b2ef431\" data-element_type=\"section\" data-settings=\"{&quot;background_background&quot;:&quot;classic&quot;}\">\n\t\t\t\t\t\t\t<div class=\"elementor-background-overlay\"><\/div>\n\t\t\t\t\t\t\t<div class=\"elementor-container elementor-column-gap-default\">\n\t\t\t\t\t<div class=\"elementor-column elementor-col-100 elementor-top-column elementor-element elementor-element-5c39e439\" data-id=\"5c39e439\" data-element_type=\"column\">\n\t\t\t<div class=\"elementor-widget-wrap elementor-element-populated\">\n\t\t\t\t\t\t\t\t<section class=\"elementor-section elementor-inner-section elementor-element elementor-element-3656d44d elementor-reverse-mobile elementor-section-boxed elementor-section-height-default elementor-section-height-default\" data-id=\"3656d44d\" data-element_type=\"section\" data-settings=\"{&quot;background_background&quot;:&quot;classic&quot;}\">\n\t\t\t\t\t\t<div class=\"elementor-container elementor-column-gap-default\">\n\t\t\t\t\t<div class=\"elementor-column elementor-col-100 elementor-inner-column elementor-element elementor-element-1d72a2d4\" data-id=\"1d72a2d4\" data-element_type=\"column\" data-settings=\"{&quot;background_background&quot;:&quot;classic&quot;}\">\n\t\t\t<div class=\"elementor-widget-wrap elementor-element-populated\">\n\t\t\t\t\t\t\t\t<div class=\"elementor-element elementor-element-69771954 elementor-widget elementor-widget-heading\" data-id=\"69771954\" data-element_type=\"widget\" data-widget_type=\"heading.default\">\n\t\t\t\t<div class=\"elementor-widget-container\">\n\t\t\t<h2 class=\"elementor-heading-title elementor-size-default\">\u00dcBER UNS<\/h2>\t\t<\/div>\n\t\t\t\t<\/div>\n\t\t\t\t<div class=\"elementor-element elementor-element-10d9705 elementor-widget-divider--view-line elementor-widget elementor-widget-divider\" data-id=\"10d9705\" data-element_type=\"widget\" data-widget_type=\"divider.default\">\n\t\t\t\t<div class=\"elementor-widget-container\">\n\t\t\t\t\t<div class=\"elementor-divider\">\n\t\t\t<span class=\"elementor-divider-separator\">\n\t\t\t\t\t\t<\/span>\n\t\t<\/div>\n\t\t\t\t<\/div>\n\t\t\t\t<\/div>\n\t\t\t\t<div class=\"elementor-element elementor-element-45d79d4f elementor-widget elementor-widget-heading\" data-id=\"45d79d4f\" data-element_type=\"widget\" data-widget_type=\"heading.default\">\n\t\t\t\t<div class=\"elementor-widget-container\">\n\t\t\t<h2 class=\"elementor-heading-title elementor-size-default\">HATSAIL<\/h2>\t\t<\/div>\n\t\t\t\t<\/div>\n\t\t\t\t<div class=\"elementor-element elementor-element-72a794ff elementor-widget elementor-widget-text-editor\" data-id=\"72a794ff\" data-element_type=\"widget\" data-widget_type=\"text-editor.default\">\n\t\t\t\t<div class=\"elementor-widget-container\">\n\t\t\t\t\t\t\t<p>Die im Jahr 1994 gegr\u00fcdete HATSAIL Turizm ve Ticaret A.S. hat sich durch ihre Spezialisierung auf Yachttourismus zu einem der f\u00fchrenden Unternehmen in der Branche entwickelt.<\/p><p> HATSAIL welcher auf dem weltweiten Yachtmarkt hohes Ansehen hat<strong>,<\/strong> erm\u00f6glicht Ihnen unsere Agentur mit ihrem erfahrenen Kapit\u00e4n, professionellem Koch und ihrer erfahrenen Crew neben dem <strong>RIGEL<\/strong>Yachtmanagement durch den Verkauf der Tickets der komfortabelsten und elit\u00e4rsten Kreuzfahrtschiffe die paradiesischen Ecken unserer Welt mit faszinierenden Reisen zu den exotischsten Orten der Welt, weit \u00fcber Ihre Tr\u00e4ume hinaus zu erkunden.<\/p><p> <\/p>\t\t\t\t\t\t<\/div>\n\t\t\t\t<\/div>\n\t\t\t\t\t<\/div>\n\t\t<\/div>\n\t\t\t\t\t\t\t<\/div>\n\t\t<\/section>\n\t\t\t\t<section class=\"elementor-section elementor-inner-section elementor-element elementor-element-6beb7e elementor-reverse-mobile elementor-section-boxed elementor-section-height-default elementor-section-height-default\" data-id=\"6beb7e\" data-element_type=\"section\" data-settings=\"{&quot;background_background&quot;:&quot;classic&quot;}\">\n\t\t\t\t\t\t<div class=\"elementor-container elementor-column-gap-default\">\n\t\t\t\t\t<div class=\"elementor-column elementor-col-100 elementor-inner-column elementor-element elementor-element-1aa7b6e2\" data-id=\"1aa7b6e2\" data-element_type=\"column\">\n\t\t\t<div class=\"elementor-widget-wrap elementor-element-populated\">\n\t\t\t\t\t\t\t\t<div class=\"elementor-element elementor-element-30fe409 elementor-widget elementor-widget-heading\" data-id=\"30fe409\" data-element_type=\"widget\" data-widget_type=\"heading.default\">\n\t\t\t\t<div class=\"elementor-widget-container\">\n\t\t\t<h2 class=\"elementor-heading-title elementor-size-default\">\"Mit der Hoffnung auf ein Zusammentreffen in einer Brise eines blauen Traumes\"<\/h2>\t\t<\/div>\n\t\t\t\t<\/div>\n\t\t\t\t<div class=\"elementor-element elementor-element-5ccd215 elementor-invisible elementor-widget elementor-widget-image\" data-id=\"5ccd215\" data-element_type=\"widget\" data-settings=\"{&quot;_animation&quot;:&quot;fadeInUp&quot;}\" data-widget_type=\"image.default\">\n\t\t\t\t<div class=\"elementor-widget-container\">\n\t\t\t\t\t\t\t\t\t\t\t\t\t\t\t<img width=\"800\" height=\"600\" src=\"https:\/\/hatsail.com\/wp-content\/uploads\/2021\/11\/imght014.jpg\" class=\"attachment-large size-large\" alt=\"\" loading=\"lazy\" srcset=\"https:\/\/hatsail.com\/wp-content\/uploads\/2021\/11\/imght014.jpg 1024w, https:\/\/hatsail.com\/wp-content\/uploads\/2021\/11\/imght014-300x225.jpg 300w, https:\/\/hatsail.com\/wp-content\/uploads\/2021\/11\/imght014-768x576.jpg 768w\" sizes=\"(max-width: 800px) 100vw, 800px\" \/>\t\t\t\t\t\t\t\t\t\t\t\t\t\t\t<\/div>\n\t\t\t\t<\/div>\n\t\t\t\t\t<\/div>\n\t\t<\/div>\n\t\t\t\t\t\t\t<\/div>\n\t\t<\/section>\n\t\t\t\t\t<\/div>\n\t\t<\/div>\n\t\t\t\t\t\t\t<\/div>\n\t\t<\/section>\n\t\t\t\t\t\t<\/div>\n\t\t\t\t\t<\/div>\n\t\t","protected":false},"excerpt":{"rendered":"<p>\u00dcBER UNS HATSAIL Die im Jahr 1994 gegr\u00fcdete HATSAIL Turizm ve Ticaret A.S. hat sich durch ihre Spezialisierung auf Yachttourismus zu einem der f\u00fchrenden Unternehmen in der Branche entwickelt. HATSAIL welcher auf dem weltweiten Yachtmarkt hohes Ansehen hat, erm\u00f6glicht Ihnen unsere Agentur mit ihrem erfahrenen Kapit\u00e4n, professionellem Koch und ihrer erfahrenen Crew neben dem RIGELYachtmanagement [&hellip;]<\/p>\n","protected":false},"author":1,"featured_media":0,"parent":0,"menu_order":0,"comment_status":"closed","ping_status":"closed","template":"","meta":[],"_links":{"self":[{"href":"https:\/\/hatsail.com\/de\/wp-json\/wp\/v2\/pages\/842"}],"collection":[{"href":"https:\/\/hatsail.com\/de\/wp-json\/wp\/v2\/pages"}],"about":[{"href":"https:\/\/hatsail.com\/de\/wp-json\/wp\/v2\/types\/page"}],"author":[{"embeddable":true,"href":"https:\/\/hatsail.com\/de\/wp-json\/wp\/v2\/users\/1"}],"replies":[{"embeddable":true,"href":"https:\/\/hatsail.com\/de\/wp-json\/wp\/v2\/comments?post=842"}],"version-history":[{"count":1,"href":"https:\/\/hatsail.com\/de\/wp-json\/wp\/v2\/pages\/842\/revisions"}],"predecessor-version":[{"id":843,"href":"https:\/\/hatsail.com\/de\/wp-json\/wp\/v2\/pages\/842\/revisions\/843"}],"wp:attachment":[{"href":"https:\/\/hatsail.com\/de\/wp-json\/wp\/v2\/media?parent=842"}],"curies":[{"name":"wp","href":"https:\/\/api.w.org\/{rel}","templated":true}]}}